{"id":994,"date":"2023-11-19T07:56:39","date_gmt":"2023-11-19T06:56:39","guid":{"rendered":"https:\/\/balancedsoul.ch\/?page_id=994"},"modified":"2023-12-17T18:15:36","modified_gmt":"2023-12-17T17:15:36","slug":"impressum","status":"publish","type":"page","link":"https:\/\/balancedsoul.ch\/index.php\/impressum\/","title":{"rendered":"Impressum"},"content":{"rendered":"<div class=\"fusion-fullwidth fullwidth-box fusion-builder-row-1 fusion-flex-container nonhundred-percent-fullwidth non-hundred-percent-height-scrolling\" style=\"--awb-border-radius-top-left:0px;--awb-border-radius-top-right:0px;--awb-border-radius-bottom-right:0px;--awb-border-radius-bottom-left:0px;--awb-flex-wrap:wrap;\" ><div class=\"fusion-builder-row fusion-row fusion-flex-align-items-flex-start fusion-flex-content-wrap\" style=\"max-width:1185.6px;margin-left: calc(-4% \/ 2 );margin-right: calc(-4% \/ 2 );\"><div class=\"fusion-layout-column fusion_builder_column fusion-builder-column-0 fusion_builder_column_1_1 1_1 fusion-flex-column\" style=\"--awb-bg-size:cover;--awb-width-large:100%;--awb-margin-top-large:0px;--awb-spacing-right-large:1.92%;--awb-margin-bottom-large:0px;--awb-spacing-left-large:1.92%;--awb-width-medium:100%;--awb-spacing-right-medium:1.92%;--awb-spacing-left-medium:1.92%;--awb-width-small:100%;--awb-spacing-right-small:1.92%;--awb-spacing-left-small:1.92%;\"><div class=\"fusion-column-wrapper fusion-flex-justify-content-flex-start fusion-content-layout-column\"><div class=\"fusion-text fusion-text-1\"><p><span lang=\"DE\"><strong>Balanced Soul<\/strong><br \/>\nRomy Bollinger<br \/>\n<\/span><span lang=\"DE\">Bernstrasse 4<br \/>\n<\/span>8964 Rudolfstetten<\/p>\n<p><strong>Homepage<\/strong><br \/>\nwww.balanced-soul.ch<\/p>\n<p><strong>Kontakt<\/strong><br \/>\nE-Mail: kontakt@balanced-soul.ch<\/p>\n<p><strong>VAT \/ MWST<br \/>\n<\/strong>Balanced-Soul unterliegt aktuell keiner Mehrwertsteuerpflicht.<\/p>\n<p><strong>Wirtschaftsinformationen<\/strong><\/p>\n<p><strong>Gesch\u00e4ftsf\u00fchrung:<\/strong> Romy Bollinger<br \/>\n<strong>Firmensitz: <\/strong>8964 Rudolfstetten, Aargau<\/p>\n<p>\u00a9 2024, Balanced-Soul. Alle Rechte vorbehalten.<\/p>\n<p>Die auf dieser Website ver\u00f6ffentlichten Inhalte und Produkte unterliegen dem schweizerischen Urheberrecht. bzw. Patentrecht. Die Vervielf\u00e4ltigung, Bearbeitung, Verbreitung und jede Art der Verwertung ausserhalb der Grenzen des Urheberrechtes bed\u00fcrfen der vorherigen schriftlichen Zustimmung des jeweiligen Autors bzw. der Autoren oder des Herstellers.<\/p>\n<\/div><\/div><\/div><\/div><\/div>\n","protected":false},"excerpt":{"rendered":"","protected":false},"author":1,"featured_media":0,"parent":0,"menu_order":0,"comment_status":"closed","ping_status":"closed","template":"","meta":{"footnotes":""},"class_list":["post-994","page","type-page","status-publish","hentry"],"yoast_head":"<!-- This site is optimized with the Yoast SEO plugin v27.3 - https:\/\/yoast.com\/product\/yoast-seo-wordpress\/ -->\n<title>Impressum - Balanced-Soul Shiatsu Therapie by Romy Bollinger<\/title>\n<meta name=\"robots\" content=\"index, follow, max-snippet:-1, max-image-preview:large, max-video-preview:-1\" \/>\n<link rel=\"canonical\" href=\"https:\/\/balancedsoul.ch\/index.php\/impressum\/\" \/>\n<meta property=\"og:locale\" content=\"de_DE\" \/>\n<meta property=\"og:type\" content=\"article\" \/>\n<meta property=\"og:title\" content=\"Impressum - Balanced-Soul Shiatsu Therapie by Romy Bollinger\" \/>\n<meta property=\"og:url\" content=\"https:\/\/balancedsoul.ch\/index.php\/impressum\/\" \/>\n<meta property=\"og:site_name\" content=\"Balanced-Soul Shiatsu Therapie by Romy Bollinger\" \/>\n<meta property=\"article:modified_time\" content=\"2023-12-17T17:15:36+00:00\" \/>\n<meta name=\"twitter:card\" content=\"summary_large_image\" \/>\n<meta name=\"twitter:label1\" content=\"Gesch\u00e4tzte Lesezeit\" \/>\n\t<meta name=\"twitter:data1\" content=\"2\u00a0Minuten\" \/>\n<script type=\"application\/ld+json\" class=\"yoast-schema-graph\">{\"@context\":\"https:\\\/\\\/schema.org\",\"@graph\":[{\"@type\":\"WebPage\",\"@id\":\"https:\\\/\\\/balancedsoul.ch\\\/index.php\\\/impressum\\\/\",\"url\":\"https:\\\/\\\/balancedsoul.ch\\\/index.php\\\/impressum\\\/\",\"name\":\"Impressum - Balanced-Soul Shiatsu Therapie by Romy Bollinger\",\"isPartOf\":{\"@id\":\"https:\\\/\\\/balancedsoul.ch\\\/#website\"},\"datePublished\":\"2023-11-19T06:56:39+00:00\",\"dateModified\":\"2023-12-17T17:15:36+00:00\",\"breadcrumb\":{\"@id\":\"https:\\\/\\\/balancedsoul.ch\\\/index.php\\\/impressum\\\/#breadcrumb\"},\"inLanguage\":\"de-CH\",\"potentialAction\":[{\"@type\":\"ReadAction\",\"target\":[\"https:\\\/\\\/balancedsoul.ch\\\/index.php\\\/impressum\\\/\"]}]},{\"@type\":\"BreadcrumbList\",\"@id\":\"https:\\\/\\\/balancedsoul.ch\\\/index.php\\\/impressum\\\/#breadcrumb\",\"itemListElement\":[{\"@type\":\"ListItem\",\"position\":1,\"name\":\"Startseite\",\"item\":\"https:\\\/\\\/balancedsoul.ch\\\/\"},{\"@type\":\"ListItem\",\"position\":2,\"name\":\"Impressum\"}]},{\"@type\":\"WebSite\",\"@id\":\"https:\\\/\\\/balancedsoul.ch\\\/#website\",\"url\":\"https:\\\/\\\/balancedsoul.ch\\\/\",\"name\":\"Balanced-Soul by Romy Bollinger\",\"description\":\"Shiatsu Therapie Mutschellen Rudolfstetten\",\"publisher\":{\"@id\":\"https:\\\/\\\/balancedsoul.ch\\\/#organization\"},\"potentialAction\":[{\"@type\":\"SearchAction\",\"target\":{\"@type\":\"EntryPoint\",\"urlTemplate\":\"https:\\\/\\\/balancedsoul.ch\\\/?s={search_term_string}\"},\"query-input\":{\"@type\":\"PropertyValueSpecification\",\"valueRequired\":true,\"valueName\":\"search_term_string\"}}],\"inLanguage\":\"de-CH\"},{\"@type\":\"Organization\",\"@id\":\"https:\\\/\\\/balancedsoul.ch\\\/#organization\",\"name\":\"Balanced-Soul by Romy Bollinger\",\"url\":\"https:\\\/\\\/balancedsoul.ch\\\/\",\"logo\":{\"@type\":\"ImageObject\",\"inLanguage\":\"de-CH\",\"@id\":\"https:\\\/\\\/balancedsoul.ch\\\/#\\\/schema\\\/logo\\\/image\\\/\",\"url\":\"https:\\\/\\\/balancedsoul.ch\\\/wp-content\\\/uploads\\\/2023\\\/11\\\/Logo_Retina.png\",\"contentUrl\":\"https:\\\/\\\/balancedsoul.ch\\\/wp-content\\\/uploads\\\/2023\\\/11\\\/Logo_Retina.png\",\"width\":570,\"height\":327,\"caption\":\"Balanced-Soul by Romy Bollinger\"},\"image\":{\"@id\":\"https:\\\/\\\/balancedsoul.ch\\\/#\\\/schema\\\/logo\\\/image\\\/\"}}]}<\/script>\n<!-- \/ Yoast SEO plugin. -->","yoast_head_json":{"title":"Impressum - Balanced-Soul Shiatsu Therapie by Romy Bollinger","robots":{"index":"index","follow":"follow","max-snippet":"max-snippet:-1","max-image-preview":"max-image-preview:large","max-video-preview":"max-video-preview:-1"},"canonical":"https:\/\/balancedsoul.ch\/index.php\/impressum\/","og_locale":"de_DE","og_type":"article","og_title":"Impressum - Balanced-Soul Shiatsu Therapie by Romy Bollinger","og_url":"https:\/\/balancedsoul.ch\/index.php\/impressum\/","og_site_name":"Balanced-Soul Shiatsu Therapie by Romy Bollinger","article_modified_time":"2023-12-17T17:15:36+00:00","twitter_card":"summary_large_image","twitter_misc":{"Gesch\u00e4tzte Lesezeit":"2\u00a0Minuten"},"schema":{"@context":"https:\/\/schema.org","@graph":[{"@type":"WebPage","@id":"https:\/\/balancedsoul.ch\/index.php\/impressum\/","url":"https:\/\/balancedsoul.ch\/index.php\/impressum\/","name":"Impressum - Balanced-Soul Shiatsu Therapie by Romy Bollinger","isPartOf":{"@id":"https:\/\/balancedsoul.ch\/#website"},"datePublished":"2023-11-19T06:56:39+00:00","dateModified":"2023-12-17T17:15:36+00:00","breadcrumb":{"@id":"https:\/\/balancedsoul.ch\/index.php\/impressum\/#breadcrumb"},"inLanguage":"de-CH","potentialAction":[{"@type":"ReadAction","target":["https:\/\/balancedsoul.ch\/index.php\/impressum\/"]}]},{"@type":"BreadcrumbList","@id":"https:\/\/balancedsoul.ch\/index.php\/impressum\/#breadcrumb","itemListElement":[{"@type":"ListItem","position":1,"name":"Startseite","item":"https:\/\/balancedsoul.ch\/"},{"@type":"ListItem","position":2,"name":"Impressum"}]},{"@type":"WebSite","@id":"https:\/\/balancedsoul.ch\/#website","url":"https:\/\/balancedsoul.ch\/","name":"Balanced-Soul by Romy Bollinger","description":"Shiatsu Therapie Mutschellen Rudolfstetten","publisher":{"@id":"https:\/\/balancedsoul.ch\/#organization"},"potentialAction":[{"@type":"SearchAction","target":{"@type":"EntryPoint","urlTemplate":"https:\/\/balancedsoul.ch\/?s={search_term_string}"},"query-input":{"@type":"PropertyValueSpecification","valueRequired":true,"valueName":"search_term_string"}}],"inLanguage":"de-CH"},{"@type":"Organization","@id":"https:\/\/balancedsoul.ch\/#organization","name":"Balanced-Soul by Romy Bollinger","url":"https:\/\/balancedsoul.ch\/","logo":{"@type":"ImageObject","inLanguage":"de-CH","@id":"https:\/\/balancedsoul.ch\/#\/schema\/logo\/image\/","url":"https:\/\/balancedsoul.ch\/wp-content\/uploads\/2023\/11\/Logo_Retina.png","contentUrl":"https:\/\/balancedsoul.ch\/wp-content\/uploads\/2023\/11\/Logo_Retina.png","width":570,"height":327,"caption":"Balanced-Soul by Romy Bollinger"},"image":{"@id":"https:\/\/balancedsoul.ch\/#\/schema\/logo\/image\/"}}]}},"_links":{"self":[{"href":"https:\/\/balancedsoul.ch\/index.php\/wp-json\/wp\/v2\/pages\/994","targetHints":{"allow":["GET"]}}],"collection":[{"href":"https:\/\/balancedsoul.ch\/index.php\/wp-json\/wp\/v2\/pages"}],"about":[{"href":"https:\/\/balancedsoul.ch\/index.php\/wp-json\/wp\/v2\/types\/page"}],"author":[{"embeddable":true,"href":"https:\/\/balancedsoul.ch\/index.php\/wp-json\/wp\/v2\/users\/1"}],"replies":[{"embeddable":true,"href":"https:\/\/balancedsoul.ch\/index.php\/wp-json\/wp\/v2\/comments?post=994"}],"version-history":[{"count":9,"href":"https:\/\/balancedsoul.ch\/index.php\/wp-json\/wp\/v2\/pages\/994\/revisions"}],"predecessor-version":[{"id":1343,"href":"https:\/\/balancedsoul.ch\/index.php\/wp-json\/wp\/v2\/pages\/994\/revisions\/1343"}],"wp:attachment":[{"href":"https:\/\/balancedsoul.ch\/index.php\/wp-json\/wp\/v2\/media?parent=994"}],"curies":[{"name":"wp","href":"https:\/\/api.w.org\/{rel}","templated":true}]}}